{"id":2604,"date":"2024-09-02T15:50:20","date_gmt":"2024-09-02T14:50:20","guid":{"rendered":"http:\/\/www.cineclubdubelvedere.fr\/?page_id=2604"},"modified":"2025-01-11T13:44:00","modified_gmt":"2025-01-11T12:44:00","slug":"programme-2024-2025","status":"publish","type":"page","link":"http:\/\/www.cineclubdubelvedere.fr\/?page_id=2604","title":{"rendered":"Programme 2024-2025"},"content":{"rendered":"\n<figure class=\"wp-block-table alignfull is-style-regular has-normal-font-size\"><table class=\"has-black-color has-white-background-color has-text-color has-background has-link-color\"><thead><tr><th class=\"has-text-align-center\" data-align=\"center\"><strong>Date<\/strong><\/th><th>Film<\/th><th>R\u00e9alisateur<\/th><th>Pr\u00e9sentation<\/th><th>Accueil &#8211; R\u00e9gie<\/th><\/tr><\/thead><tbody><tr><td class=\"has-text-align-center\" data-align=\"center\">Samedi 28 septembre<br>Nuit du cin\u00e9-club<\/td><td>Steamboat Bill Junior<br>La part des anges<br>Le sens de la vie<\/td><td>Buster Keaton (1928)<br>Ken Loach (2012)<br>Monty Python ( 1983)<\/td><td><\/td><td><\/td><\/tr><tr><td class=\"has-text-align-center\" data-align=\"center\">Mardi 15 octobre<\/td><td>Meurtre dans un jardin anglais<\/td><td>Peter Greenaway (1992)<\/td><td>Genevi\u00e8ve Troyes<\/td><td><\/td><\/tr><tr><td class=\"has-text-align-center\" data-align=\"center\">Mardi 12 novembre<\/td><td>Le limier<\/td><td>Josef Mankiewicz (1972)<\/td><td>Claude Franza<\/td><td><\/td><\/tr><tr><td class=\"has-text-align-center\" data-align=\"center\">Mardi 10 D\u00e9cembre<\/td><td>Certaines femmes <\/td><td>Kelly Reichardt (2016)<\/td><td>Fran\u00e7oise Sadoux<\/td><td><\/td><\/tr><tr><td class=\"has-text-align-center\" data-align=\"center\">Mardi 14 Janvier<\/td><td>Le faucon maltais<\/td><td>John Huston (1941)<\/td><td>Fran\u00e7oise Letoublon<\/td><td><\/td><\/tr><tr><td class=\"has-text-align-center\" data-align=\"center\">Samedi 8 f\u00e9vrier<\/td><td>Un homme de trop<\/td><td>Costa-Gavras (1967)<\/td><td>Temy Labin et Association Patrimoine<\/td><td><\/td><\/tr><tr><td class=\"has-text-align-center\" data-align=\"center\">Mardi 11 f\u00e9vrier<\/td><td>Tomboy <\/td><td>C\u00e9line Sciamma (2011)<\/td><td>Joelle Deluz<\/td><td><\/td><\/tr><tr><td class=\"has-text-align-center\" data-align=\"center\">Mardi 11 mars<\/td><td>Retour \u00e0 Ithaque<\/td><td>Laurent Cantet (2014)<\/td><td>Annie Vengeon<\/td><td><\/td><\/tr><tr><td class=\"has-text-align-center\" data-align=\"center\">Mardi 8 avril<\/td><td>Vacances \u00e0 Venise<\/td><td>David Lean (1955)<\/td><td>Christelle Tong<\/td><td><\/td><\/tr><tr><td class=\"has-text-align-center\" data-align=\"center\">Samedi 10 mai<\/td><td>The Beatles : Eight Days a Week<\/td><td>Ron Howard (2016<\/td><td>Michel Senna<\/td><td><\/td><\/tr><tr><td class=\"has-text-align-center\" data-align=\"center\">Mardi 13 mai<\/td><td>Le troisi\u00e8me homme<\/td><td>Carl Reed \/ Orson Welles (1949)<\/td><td>Temy Labin<\/td><td><\/td><\/tr><tr><td class=\"has-text-align-center\" data-align=\"center\">Mardi 17 juin<\/td><td>L&rsquo;insulte<\/td><td>Ziad Doueiri (2017)<\/td><td>Olivier Allain<\/td><td><\/td><\/tr><\/tbody><\/table><\/figure>\n\n\n\n<p><\/p>\n","protected":false},"excerpt":{"rendered":"<p>Date Film R\u00e9alisateur Pr\u00e9sentation Accueil &#8211; R\u00e9gie Samedi 28 septembreNuit du cin\u00e9-club Steamboat Bill JuniorLa part des angesLe sens de la vie Buster Keaton (1928)Ken Loach (2012)Monty Python ( 1983) Mardi 15 octobre Meurtre dans un jardin anglais Peter Greenaway (1992) Genevi\u00e8ve Troyes Mardi 12 novembre Le limier Josef Mankiewicz (1972) Claude Franza Mardi 10 <a class=\"more-link\" href=\"http:\/\/www.cineclubdubelvedere.fr\/?page_id=2604\">Lire plus &#8230;<\/a><\/p>\n","protected":false},"author":1,"featured_media":0,"parent":0,"menu_order":0,"comment_status":"closed","ping_status":"closed","template":"","meta":{"footnotes":""},"class_list":["post-2604","page","type-page","status-publish","hentry"],"_links":{"self":[{"href":"http:\/\/www.cineclubdubelvedere.fr\/index.php?rest_route=\/wp\/v2\/pages\/2604","targetHints":{"allow":["GET"]}}],"collection":[{"href":"http:\/\/www.cineclubdubelvedere.fr\/index.php?rest_route=\/wp\/v2\/pages"}],"about":[{"href":"http:\/\/www.cineclubdubelvedere.fr\/index.php?rest_route=\/wp\/v2\/types\/page"}],"author":[{"embeddable":true,"href":"http:\/\/www.cineclubdubelvedere.fr\/index.php?rest_route=\/wp\/v2\/users\/1"}],"replies":[{"embeddable":true,"href":"http:\/\/www.cineclubdubelvedere.fr\/index.php?rest_route=%2Fwp%2Fv2%2Fcomments&post=2604"}],"version-history":[{"count":8,"href":"http:\/\/www.cineclubdubelvedere.fr\/index.php?rest_route=\/wp\/v2\/pages\/2604\/revisions"}],"predecessor-version":[{"id":2718,"href":"http:\/\/www.cineclubdubelvedere.fr\/index.php?rest_route=\/wp\/v2\/pages\/2604\/revisions\/2718"}],"wp:attachment":[{"href":"http:\/\/www.cineclubdubelvedere.fr\/index.php?rest_route=%2Fwp%2Fv2%2Fmedia&parent=2604"}],"curies":[{"name":"wp","href":"https:\/\/api.w.org\/{rel}","templated":true}]}}