{"id":68,"date":"2013-02-28T13:12:01","date_gmt":"2013-02-28T12:12:01","guid":{"rendered":"http:\/\/www.cineclubdubelvedere.fr\/?page_id=68"},"modified":"2024-09-16T17:02:51","modified_gmt":"2024-09-16T16:02:51","slug":"le-cine-club","status":"publish","type":"page","link":"https:\/\/www.cineclubdubelvedere.fr\/?page_id=68","title":{"rendered":"Le Cin\u00e9-Club du Belv\u00e9d\u00e8re"},"content":{"rendered":"<div>\n<h1 style=\"font-family: Georgia; font-style: italic; font-weight: bold; font-size: 36px;\">Qui sommes-nous?<\/h1>\n<p>Le Cin\u00e9-Club du Belv\u00e9d\u00e8re a \u00e9t\u00e9 cr\u00e9\u00e9 en juin 2009 \u00e0 l\u2019initiative de la commission Culture du Conseil Municipal de Saint Martin d\u2019Uriage. Depuis 2023 et le transfert de la comp\u00e9tence tourisme \u00e0 la communaut\u00e9 de Communes du Gr\u00e9sivaudan qui a amen\u00e9 \u00e0 la dissolution de l&rsquo;Office Thermal Touristique, nous avons d\u00fb cr\u00e9er une association loi 1901 afin de prendre en charge financi\u00e8rement notre activit\u00e9 avec l&rsquo;aide de la commune de Saint Martin d&rsquo;Uriage.<\/p>\n<p>Il ob\u00e9it \u00e0 la charte des Cin\u00e9-Club telle qu\u2019elle a \u00e9t\u00e9 d\u00e9finie en 1946 :<br \/>\n\u00ab Le cin\u00e9-club a pour but la diffusion de la culture, on devrait mieux dire des cultures. Par son caract\u00e8re universel, le cin\u00e9ma ouvre le chemin vers toutes les autres formes de culture artistique mais aussi, mais surtout, vers l&rsquo;acquisition des connaissances indispensables au d\u00e9veloppement du sens critique et du jugement. Le cin\u00e9-club ne borne pas ses objectifs \u00e0 l&rsquo;obtention d&rsquo;un grade en cin\u00e9philie mais, de fa\u00e7on beaucoup plus ambitieuse, pr\u00e9tend participer \u00e0 la formation et \u00e0 la culture de l&rsquo;homme et du citoyen. \u00bb<\/p>\n<p>Nous sommes affili\u00e9s \u00e0 \u00ab Interfilm \u00bb , organisme qui collecte les droits acquitt\u00e9s pour chaque film, et auquel chaque spectateur doit adh\u00e9rer. <a href=\"http:\/\/www.cineclubs-interfilm.com\">cineclubs-interfilm.com<\/a><\/p>\n<p>Nous avons un accord de r\u00e9ciprocit\u00e9 avec le CCC de Grenoble (<a href=\"http:\/\/www.ccc-grenoble.fr\">www.ccc-grenoble.fr<\/a>) et nous travaillons en partenariat avec La Cin\u00e9math\u00e8que de Grenoble (<a href=\"http:\/\/www.cinemathequedegrenoble.fr\">cinemathequedegrenoble.fr<\/a>) et avec Cin\u00e9duc. (<a href=\"http:\/\/www.cineduc.org\">cineduc.org<\/a>)<\/p>\n<p>Le Cin\u00e9-Club du Belv\u00e9d\u00e8re est g\u00e9r\u00e9 par un bureau qui assure le fonctionnement de notre activit\u00e9 : choisir des films,annoncer les films (affiches, panneau lumineux, programme du Belv\u00e9d\u00e8re, mails), les projettes, g\u00e8rre la billetterie et organiser des \u00e9v\u00e8nements tels que la nuit du Cin\u00e9-Club.<\/p>\n<p style=\"text-align: center;\">___________________<\/p>\n<p>Les films sont valid\u00e9s par une assembl\u00e9e d&rsquo;adh\u00e9rents chaque fin de saison, mais les spectateurs sont encourag\u00e9s \u00e0 pr\u00e9senter les films qu\u2019ils ont aim\u00e9s, et nous vous incitons \u00e0 nous faire part, d\u00e8s maintenant, de vos choix.<\/p>\n<p>N&rsquo;h\u00e9sitez pas \u00e0 nous soumettre vos propositions pour la prochaine saison en laissant un commentaire sur <a href=\"http:\/\/www.cineclubdubelvedere.fr\/?page_id=43\"><strong>cette page r\u00e9serv\u00e9e \u00e0 cet effet.<\/strong><\/a><\/p>\n<hr \/>\n<p>Pour s&rsquo;abonner \u00e0 la lettre mensuelle d&rsquo;actualit\u00e9s du cin\u00e9club, saisissez votre adresse mail ci-dessous :<\/p>\n<p><div class=\"tnp tnp-subscription \">\n<form method=\"post\" action=\"https:\/\/www.cineclubdubelvedere.fr\/wp-admin\/admin-ajax.php?action=tnp&amp;na=s\">\n<input type=\"hidden\" name=\"nlang\" value=\"\">\n<div class=\"tnp-field tnp-field-firstname\"><label for=\"tnp-1\">Nom<\/label>\n<input class=\"tnp-name\" type=\"text\" name=\"nn\" id=\"tnp-1\" value=\"\" placeholder=\"\"><\/div>\n<div class=\"tnp-field tnp-field-email\"><label for=\"tnp-2\">Email<\/label>\n<input class=\"tnp-email\" type=\"email\" name=\"ne\" id=\"tnp-2\" value=\"\" placeholder=\"\" required><\/div>\n<div class=\"tnp-field tnp-privacy-field\"><label><input type=\"checkbox\" name=\"ny\" required class=\"tnp-privacy\"> Subscribing I accept the privacy rules of this site<\/label><\/div><div class=\"tnp-field tnp-field-button\" style=\"text-align: left\"><input class=\"tnp-submit\" type=\"submit\" value=\"S&#039;abonner\" style=\"\">\n<\/div>\n<\/form>\n<\/div>\n<\/p>\n<\/div>\n","protected":false},"excerpt":{"rendered":"<p>Qui sommes-nous? Le Cin\u00e9-Club du Belv\u00e9d\u00e8re a \u00e9t\u00e9 cr\u00e9\u00e9 en juin 2009 \u00e0 l\u2019initiative de la commission Culture du Conseil Municipal de Saint Martin d\u2019Uriage. Depuis 2023 et le transfert de la comp\u00e9tence tourisme \u00e0 la communaut\u00e9 de Communes du Gr\u00e9sivaudan qui a amen\u00e9 \u00e0 la dissolution de l&rsquo;Office Thermal Touristique, nous avons d\u00fb cr\u00e9er <a class=\"more-link\" href=\"https:\/\/www.cineclubdubelvedere.fr\/?page_id=68\">Lire plus &#8230;<\/a><\/p>\n","protected":false},"author":1,"featured_media":0,"parent":0,"menu_order":3,"comment_status":"open","ping_status":"open","template":"","meta":{"footnotes":""},"class_list":["post-68","page","type-page","status-publish","hentry"],"_links":{"self":[{"href":"https:\/\/www.cineclubdubelvedere.fr\/index.php?rest_route=\/wp\/v2\/pages\/68","targetHints":{"allow":["GET"]}}],"collection":[{"href":"https:\/\/www.cineclubdubelvedere.fr\/index.php?rest_route=\/wp\/v2\/pages"}],"about":[{"href":"https:\/\/www.cineclubdubelvedere.fr\/index.php?rest_route=\/wp\/v2\/types\/page"}],"author":[{"embeddable":true,"href":"https:\/\/www.cineclubdubelvedere.fr\/index.php?rest_route=\/wp\/v2\/users\/1"}],"replies":[{"embeddable":true,"href":"https:\/\/www.cineclubdubelvedere.fr\/index.php?rest_route=%2Fwp%2Fv2%2Fcomments&post=68"}],"version-history":[{"count":21,"href":"https:\/\/www.cineclubdubelvedere.fr\/index.php?rest_route=\/wp\/v2\/pages\/68\/revisions"}],"predecessor-version":[{"id":2679,"href":"https:\/\/www.cineclubdubelvedere.fr\/index.php?rest_route=\/wp\/v2\/pages\/68\/revisions\/2679"}],"wp:attachment":[{"href":"https:\/\/www.cineclubdubelvedere.fr\/index.php?rest_route=%2Fwp%2Fv2%2Fmedia&parent=68"}],"curies":[{"name":"wp","href":"https:\/\/api.w.org\/{rel}","templated":true}]}}