{"id":71,"date":"2013-02-28T15:32:08","date_gmt":"2013-02-28T14:32:08","guid":{"rendered":"http:\/\/www.cineclubdubelvedere.fr\/?page_id=71"},"modified":"2026-02-06T15:31:29","modified_gmt":"2026-02-06T14:31:29","slug":"presentation","status":"publish","type":"page","link":"https:\/\/www.cineclubdubelvedere.fr\/?page_id=71","title":{"rendered":"Infos Pratiques"},"content":{"rendered":"\n<p>Le cin\u00e9-club du Belv\u00e9d\u00e8re se situe au centre culturel Jeanine Creissels, situ\u00e9 au 214 Route d&rsquo;Uriage \u00e0 Saint Martin d&rsquo;Uriage.<\/p>\n\n\n\n<figure class=\"wp-block-image size-large\"><img loading=\"lazy\" decoding=\"async\" width=\"1024\" height=\"807\" src=\"http:\/\/www.cineclubdubelvedere.fr\/wp-content\/uploads\/2024\/09\/belvedere-1024x807.png\" alt=\"\" class=\"wp-image-2670\" srcset=\"https:\/\/www.cineclubdubelvedere.fr\/wp-content\/uploads\/2024\/09\/belvedere-1024x807.png 1024w, https:\/\/www.cineclubdubelvedere.fr\/wp-content\/uploads\/2024\/09\/belvedere-300x236.png 300w, https:\/\/www.cineclubdubelvedere.fr\/wp-content\/uploads\/2024\/09\/belvedere-768x605.png 768w, https:\/\/www.cineclubdubelvedere.fr\/wp-content\/uploads\/2024\/09\/belvedere.png 1327w\" sizes=\"auto, (max-width: 1024px) 100vw, 1024px\" \/><\/figure>\n\n\n\n<p>Les s\u00e9ances ont lieu le mardi soir. L&rsquo;accueil d\u00e9bute vers 20h15. La s\u00e9ance d\u00e9bute par une pr\u00e9sentation du film par un membre de l&rsquo;association. La projection d\u00e9bute quelques minutes plus tard. Elle est suivie par un d\u00e9bat anim\u00e9 par la personne charg\u00e9e de l&rsquo;animation.<br>Les films sont toujours projet\u00e9s en VO sous-titr\u00e9e.<br>L&rsquo;entr\u00e9e n\u00e9cessite d&rsquo;adh\u00e9rer \u00e0 l&rsquo;association pour un co\u00fbt de 10 \u20ac et pour chaque projection nous vous demanderons une participation aux frais de 5\u20ac par personne. Nous achetons les dvd ou bluray et payons un droit de projection en public \u00e0 l&rsquo;association Interfilms et \u00e0 la Sacem.<\/p>\n\n\n\n<p>Chaque ann\u00e9e, nous nous r\u00e9unissons pour \u00e9tablir la programmation de la saison suivante et chaque personne peut proposer un ou plusieurs films qu&rsquo;elle s&rsquo;engage \u00e0 pr\u00e9senter lors de la projection.<\/p>\n\n\n\n<p>Les films doivent \u00eatre pr\u00e9sents dans les catalogues d&rsquo;<a href=\"https:\/\/cineclubs-interfilm.com\/catalogues\/\">interfilms<\/a>.<\/p>\n\n\n\n<p>Retrouvez la programmation en cours sur cette <a href=\"http:\/\/www.cineclubdubelvedere.fr\/?page_id=2604\" data-type=\"page\" data-id=\"2604\">page<\/a>.<\/p>\n","protected":false},"excerpt":{"rendered":"<p>Le cin\u00e9-club du Belv\u00e9d\u00e8re se situe au centre culturel Jeanine Creissels, situ\u00e9 au 214 Route d&rsquo;Uriage \u00e0 Saint Martin d&rsquo;Uriage. Les s\u00e9ances ont lieu le mardi soir. L&rsquo;accueil d\u00e9bute vers 20h15. La s\u00e9ance d\u00e9bute par une pr\u00e9sentation du film par un membre de l&rsquo;association. La projection d\u00e9bute quelques minutes plus tard. Elle est suivie par <a class=\"more-link\" href=\"https:\/\/www.cineclubdubelvedere.fr\/?page_id=71\">Lire plus &#8230;<\/a><\/p>\n","protected":false},"author":1,"featured_media":0,"parent":0,"menu_order":10,"comment_status":"open","ping_status":"closed","template":"","meta":{"footnotes":""},"class_list":["post-71","page","type-page","status-publish","hentry"],"_links":{"self":[{"href":"https:\/\/www.cineclubdubelvedere.fr\/index.php?rest_route=\/wp\/v2\/pages\/71","targetHints":{"allow":["GET"]}}],"collection":[{"href":"https:\/\/www.cineclubdubelvedere.fr\/index.php?rest_route=\/wp\/v2\/pages"}],"about":[{"href":"https:\/\/www.cineclubdubelvedere.fr\/index.php?rest_route=\/wp\/v2\/types\/page"}],"author":[{"embeddable":true,"href":"https:\/\/www.cineclubdubelvedere.fr\/index.php?rest_route=\/wp\/v2\/users\/1"}],"replies":[{"embeddable":true,"href":"https:\/\/www.cineclubdubelvedere.fr\/index.php?rest_route=%2Fwp%2Fv2%2Fcomments&post=71"}],"version-history":[{"count":13,"href":"https:\/\/www.cineclubdubelvedere.fr\/index.php?rest_route=\/wp\/v2\/pages\/71\/revisions"}],"predecessor-version":[{"id":2991,"href":"https:\/\/www.cineclubdubelvedere.fr\/index.php?rest_route=\/wp\/v2\/pages\/71\/revisions\/2991"}],"wp:attachment":[{"href":"https:\/\/www.cineclubdubelvedere.fr\/index.php?rest_route=%2Fwp%2Fv2%2Fmedia&parent=71"}],"curies":[{"name":"wp","href":"https:\/\/api.w.org\/{rel}","templated":true}]}}